{"id":466,"date":"2025-12-03T22:29:45","date_gmt":"2025-12-03T21:29:45","guid":{"rendered":"https:\/\/www.npadvisory.eu\/?page_id=466"},"modified":"2025-12-04T01:50:54","modified_gmt":"2025-12-04T00:50:54","slug":"kontakt","status":"publish","type":"page","link":"https:\/\/www.npadvisory.eu\/index.php\/kontakt\/","title":{"rendered":"Kontakt"},"content":{"rendered":"\n<div id=\"wp-block-themeisle-blocks-advanced-columns-a2946a77\" class=\"wp-block-themeisle-blocks-advanced-columns alignfull has-2-columns has-desktop-equal-layout has-tablet-equal-layout has-mobile-collapsedRows-layout has-vertical-center ticss-a2946a77  has-dark-bg\"><div class=\"wp-block-themeisle-blocks-advanced-columns-overlay\"><\/div><div class=\"innerblocks-wrap\">\n<div id=\"wp-block-themeisle-blocks-advanced-column-bbddf55b\" class=\"wp-block-themeisle-blocks-advanced-column\">\n<div class=\"wp-block-group is-nowrap is-layout-flex wp-container-core-group-is-layout-6c531013 wp-block-group-is-layout-flex\">\n<div class=\"wp-block-cover aligncenter\"><img fetchpriority=\"high\" decoding=\"async\" width=\"1024\" height=\"1024\" class=\"wp-block-cover__image-background wp-image-449\" alt=\"\" src=\"http:\/\/www.npadvisory.eu\/wp-content\/uploads\/2025\/12\/nextpoint_advisory_small2-1.webp\" data-object-fit=\"cover\" srcset=\"https:\/\/www.npadvisory.eu\/wp-content\/uploads\/2025\/12\/nextpoint_advisory_small2-1.webp 1024w, https:\/\/www.npadvisory.eu\/wp-content\/uploads\/2025\/12\/nextpoint_advisory_small2-1-300x300.webp 300w, https:\/\/www.npadvisory.eu\/wp-content\/uploads\/2025\/12\/nextpoint_advisory_small2-1-150x150.webp 150w, https:\/\/www.npadvisory.eu\/wp-content\/uploads\/2025\/12\/nextpoint_advisory_small2-1-768x768.webp 768w\" sizes=\"(max-width: 1024px) 100vw, 1024px\" \/><span aria-hidden=\"true\" class=\"wp-block-cover__background has-background-dim\"><\/span><div class=\"wp-block-cover__inner-container is-layout-flow wp-block-cover-is-layout-flow\">\n<p class=\"has-text-align-center kontakt-intro-text has-large-font-size\"><strong>Sie m\u00f6chten mit uns in Kontakt treten? Nutzen Sie einfach das Formular und senden Sie uns eine Anfrage f\u00fcr ein kostenloses Beratungsgespr\u00e4ch. Wir melden uns kurzfristig zur\u00fcck.<\/strong><\/p>\n<\/div><\/div>\n<\/div>\n<\/div>\n\n\n\n<div id=\"wp-block-themeisle-blocks-advanced-column-92b2db05\" class=\"wp-block-themeisle-blocks-advanced-column\"><div class=\"wpforms-container wpforms-container-full wpforms-block wpforms-block-b9e2c4f8-885d-4ebe-b698-43067c6af298\" id=\"wpforms-130\"><form id=\"wpforms-form-130\" class=\"wpforms-validate wpforms-form\" data-formid=\"130\" method=\"post\" enctype=\"multipart\/form-data\" action=\"\/index.php\/wp-json\/wp\/v2\/pages\/466\" data-token=\"11e0cffb9a408a39a6d9d6d1fa3ca6fb\" data-token-time=\"1775722637\"><noscript class=\"wpforms-error-noscript\">Bitte aktiviere JavaScript in deinem Browser, um dieses Formular fertigzustellen.<\/noscript><div class=\"wpforms-field-container\"><div id=\"wpforms-130-field_0-container\" class=\"wpforms-field wpforms-field-name wpforms-one-half wpforms-first\" data-field-id=\"0\"><label class=\"wpforms-field-label\" for=\"wpforms-130-field_0\">Dein Name <span class=\"wpforms-required-label\">*<\/span><\/label><input type=\"text\" id=\"wpforms-130-field_0\" class=\"wpforms-field-large wpforms-field-required\" name=\"wpforms[fields][0]\" required><\/div><div id=\"wpforms-130-field_3-container\" class=\"wpforms-field wpforms-field-email wpforms-one-half\" data-field-id=\"3\"><label class=\"wpforms-field-label\" for=\"wpforms-130-field_3\">Email <span class=\"wpforms-required-label\">*<\/span><\/label><input type=\"email\" id=\"wpforms-130-field_3\" class=\"wpforms-field-large wpforms-field-required\" name=\"wpforms[fields][3]\" spellcheck=\"false\" required><\/div>\t\t<div id=\"wpforms-130-field_1-container\"\n\t\t\tclass=\"wpforms-field wpforms-field-text\"\n\t\t\tdata-field-type=\"text\"\n\t\t\tdata-field-id=\"1\"\n\t\t\t>\n\t\t\t<label class=\"wpforms-field-label\" for=\"wpforms-130-field_1\" >Deine Email Dein<\/label>\n\t\t\t<input type=\"text\" id=\"wpforms-130-field_1\" class=\"wpforms-field-medium\" name=\"wpforms[fields][1]\" >\n\t\t<\/div>\n\t\t<div id=\"wpforms-130-field_5-container\" class=\"wpforms-field wpforms-field-number\" data-field-id=\"5\"><label class=\"wpforms-field-label\" for=\"wpforms-130-field_5\">Deine Handynummer <span class=\"wpforms-required-label\">*<\/span><\/label><input type=\"number\" id=\"wpforms-130-field_5\" class=\"wpforms-field-large wpforms-field-required\" name=\"wpforms[fields][5]\" min=\"6\" max=\"20\" step=\"any\" required><\/div><div id=\"wpforms-130-field_2-container\" class=\"wpforms-field wpforms-field-textarea\" data-field-id=\"2\"><label class=\"wpforms-field-label\" for=\"wpforms-130-field_2\">Deine Nachricht <span class=\"wpforms-required-label\">*<\/span><\/label><textarea id=\"wpforms-130-field_2\" class=\"wpforms-field-small wpforms-field-required\" name=\"wpforms[fields][2]\" required><\/textarea><\/div><script>\n\t\t\t\t( function() {\n\t\t\t\t\tconst style = document.createElement( 'style' );\n\t\t\t\t\tstyle.appendChild( document.createTextNode( '#wpforms-130-field_1-container { position: absolute !important; overflow: hidden !important; display: inline !important; height: 1px !important; width: 1px !important; z-index: -1000 !important; padding: 0 !important; } #wpforms-130-field_1-container input { visibility: hidden; } #wpforms-conversational-form-page #wpforms-130-field_1-container label { counter-increment: none; }' ) );\n\t\t\t\t\tdocument.head.appendChild( style );\n\t\t\t\t\tdocument.currentScript?.remove();\n\t\t\t\t} )();\n\t\t\t<\/script><\/div><!-- .wpforms-field-container --><div class=\"wpforms-submit-container\" ><input type=\"hidden\" name=\"wpforms[id]\" value=\"130\"><input type=\"hidden\" name=\"page_title\" value=\"\"><input type=\"hidden\" name=\"page_url\" value=\"https:\/\/www.npadvisory.eu\/index.php\/wp-json\/wp\/v2\/pages\/466\"><input type=\"hidden\" name=\"url_referer\" value=\"\"><button type=\"submit\" name=\"wpforms[submit]\" id=\"wpforms-submit-130\" class=\"wpforms-submit\" data-alt-text=\"Sending...\" data-submit-text=\"Sende eine Nachricht\" aria-live=\"assertive\" value=\"wpforms-submit\">Sende eine Nachricht<\/button><\/div><\/form><\/div>  <!-- .wpforms-container -->\n\n\n<p class=\"has-white-color has-text-color\"><\/p>\n<\/div>\n<\/div><\/div>\n\n\n\n<p><a href=\"https:\/\/www.npadvisory.eu\/index.php\/impressum\/\" title=\"\">Impressum<\/a> | <a href=\"https:\/\/www.npadvisory.eu\/index.php\/datenschutz\/\" title=\"\">Datenschutz<\/a> | <a href=\"https:\/\/www.npadvisory.eu\/index.php\/allgemeine-geschaeftsbedingungen-agb\/\" title=\"\">AGB<\/a><\/p>\n","protected":false},"excerpt":{"rendered":"<p>Impressum | Datenschutz | AGB<\/p>\n","protected":false},"author":1,"featured_media":449,"parent":0,"menu_order":0,"comment_status":"closed","ping_status":"closed","template":"elementor_header_footer","meta":{"om_disable_all_campaigns":false,"_monsterinsights_skip_tracking":false,"_monsterinsights_sitenote_active":false,"_monsterinsights_sitenote_note":"","_monsterinsights_sitenote_category":0,"_themeisle_gutenberg_block_has_review":false,"footnotes":""},"class_list":["post-466","page","type-page","status-publish","has-post-thumbnail","hentry"],"aioseo_notices":[],"_links":{"self":[{"href":"https:\/\/www.npadvisory.eu\/index.php\/wp-json\/wp\/v2\/pages\/466","targetHints":{"allow":["GET"]}}],"collection":[{"href":"https:\/\/www.npadvisory.eu\/index.php\/wp-json\/wp\/v2\/pages"}],"about":[{"href":"https:\/\/www.npadvisory.eu\/index.php\/wp-json\/wp\/v2\/types\/page"}],"author":[{"embeddable":true,"href":"https:\/\/www.npadvisory.eu\/index.php\/wp-json\/wp\/v2\/users\/1"}],"replies":[{"embeddable":true,"href":"https:\/\/www.npadvisory.eu\/index.php\/wp-json\/wp\/v2\/comments?post=466"}],"version-history":[{"count":13,"href":"https:\/\/www.npadvisory.eu\/index.php\/wp-json\/wp\/v2\/pages\/466\/revisions"}],"predecessor-version":[{"id":523,"href":"https:\/\/www.npadvisory.eu\/index.php\/wp-json\/wp\/v2\/pages\/466\/revisions\/523"}],"wp:featuredmedia":[{"embeddable":true,"href":"https:\/\/www.npadvisory.eu\/index.php\/wp-json\/wp\/v2\/media\/449"}],"wp:attachment":[{"href":"https:\/\/www.npadvisory.eu\/index.php\/wp-json\/wp\/v2\/media?parent=466"}],"curies":[{"name":"wp","href":"https:\/\/api.w.org\/{rel}","templated":true}]}}